{"id":8,"date":"2025-08-06T20:54:52","date_gmt":"2025-08-06T18:54:52","guid":{"rendered":"https:\/\/architekturainformacji.pl\/?page_id=8"},"modified":"2025-08-06T21:58:43","modified_gmt":"2025-08-06T19:58:43","slug":"architektura-informacji","status":"publish","type":"page","link":"http:\/\/architekturainformacji.pl\/index.php\/architektura-informacji\/","title":{"rendered":"Korzy\u015bci"},"content":{"rendered":"\n<p>Czy jeste\u015b gotowy, by zacz\u0105\u0107 wykorzystywa\u0107 pe\u0142ny potencja\u0142 informacji?<\/p>\n\n\n\n<div class=\"wp-block-group alignfull has-background-background-color has-background has-global-padding is-layout-constrained wp-container-core-group-is-layout-7276a2bb wp-block-group-is-layout-constrained\" style=\"margin-top:0;margin-bottom:0;padding-top:var(--wp--preset--spacing--60);padding-right:var(--wp--preset--spacing--30);padding-bottom:var(--wp--preset--spacing--60);padding-left:var(--wp--preset--spacing--30)\">\n<div class=\"wp-block-group alignwide has-global-padding is-content-justification-center is-layout-constrained wp-block-group-is-layout-constrained\">\n<h2 class=\"wp-block-heading has-text-align-center has-large-font-size\">Jak zarz\u0105dza\u0107 informacj\u0105?<\/h2>\n\n\n\n<p class=\"has-text-align-center\" style=\"margin-top:16px\">Ten przewodnik szczeg\u00f3\u0142owo przedstawia skuteczne i sprawdzone metody zbierania oraz organizacji danych, oferuj\u0105c czytelnikowi kompleksowy wgl\u0105d w procesy gromadzenia informacji. Pokazuje on, jak optymalnie i efektywnie wykorzysta\u0107 nowoczesne narz\u0119dzia oraz technologie zarz\u0105dzania informacj\u0105, kt\u00f3re s\u0105 dost\u0119pne na rynku, aby maksymalizowa\u0107 korzy\u015bci p\u0142yn\u0105ce z dobrze zorganizowanych danych.<\/p>\n<\/div>\n\n\n\n<div class=\"wp-block-columns alignwide is-layout-flex wp-container-core-columns-is-layout-30cd009e wp-block-columns-is-layout-flex\">\n<div class=\"wp-block-column is-layout-flow wp-block-column-is-layout-flow\">\n<figure class=\"wp-block-image aligncenter size-large wp-duotone-varpresetduotonesecondary-and-primary-1\"><img decoding=\"async\" src=\"data:image\/svg+xml;base64,PHN2ZyB4bWxucz0iaHR0cDovL3d3dy53My5vcmcvMjAwMC9zdmciIGhlaWdodD0iNDhweCIgdmlld0JveD0iMCAtOTYwIDk2MCA5NjAiIHdpZHRoPSI0OHB4IiBmaWxsPSIjMjcyNzI3Ij48cGF0aCBkPSJNMTQwLTE2MHEtMjQgMC00Mi0xOHQtMTgtNDJ2LTE2OWg2MHYxNjloNjgwdi01MjBIMTQwdjE3MUg4MHYtMTcxcTAtMjQgMTgtNDJ0NDItMThoNjgwcTI0IDAgNDIgMTh0MTggNDJ2NTIwcTAgMjQtMTggNDJ0LTQyIDE4SDE0MFptMzE5LTE0My00My00MyAxMDMtMTAzSDgwdi02MGg0MzlMNDE2LTYxMmw0My00MyAxNzYgMTc2LTE3NiAxNzZaIi8+PC9zdmc+\" alt=\"\"\/><\/figure>\n\n\n\n<h3 class=\"wp-block-heading has-text-align-center\" style=\"margin-top:24px;font-size:clamp(14px, 0.875rem + ((1vw - 3.2px) * 0.625), 20px);line-height:1.5\">Krok pierwszy: Gromadzenie danych<\/h3>\n\n\n\n<p class=\"has-text-align-center has-small-font-size\" style=\"margin-top:8px\">Opisuje podstawowe techniki zbierania informacji, kt\u00f3re tworz\u0105 fundament efektywnego zarz\u0105dzania danymi w ka\u017cdym systemie.<\/p>\n<\/div>\n\n\n\n<div class=\"wp-block-column is-layout-flow wp-block-column-is-layout-flow\">\n<figure class=\"wp-block-image aligncenter size-large wp-duotone-varpresetduotonesecondary-and-primary-2\"><img decoding=\"async\" src=\"data:image\/svg+xml;base64,PHN2ZyB4bWxucz0iaHR0cDovL3d3dy53My5vcmcvMjAwMC9zdmciIGhlaWdodD0iNDhweCIgdmlld0JveD0iMCAtOTYwIDk2MCA5NjAiIHdpZHRoPSI0OHB4IiBmaWxsPSIjMjcyNzI3Ij48cGF0aCBkPSJNMjMwLTEyMHEtNjMgMC0xMDYuNS00My41VDgwLTI3MHEwLTYzIDQzLjUtMTA2LjVUMjMwLTQyMHE2MyAwIDEwNi41IDQzLjVUMzgwLTI3MHEwIDYzLTQzLjUgMTA2LjVUMjMwLTEyMFptNTAxIDBxLTYzIDAtMTA2LjUtNDMuNVQ1ODEtMjcwcTAtNjMgNDMuNS0xMDYuNVQ3MzEtNDIwcTYzIDAgMTA2LjUgNDMuNVQ4ODEtMjcwcTAgNjMtNDMuNSAxMDYuNVQ3MzEtMTIwWm0tNTAxLjA5LTYwcTM3LjA5IDAgNjMuNTktMjYuNDF0MjYuNS02My41cTAtMzcuMDktMjYuNDEtNjMuNTl0LTYzLjUtMjYuNXEtMzcuMDkgMC02My41OSAyNi40MXQtMjYuNSA2My41cTAgMzcuMDkgMjYuNDEgNjMuNTl0NjMuNSAyNi41Wm01MDEgMHEzNy4wOSAwIDYzLjU5LTI2LjQxdDI2LjUtNjMuNXEwLTM3LjA5LTI2LjQxLTYzLjU5dC02My41LTI2LjVxLTM3LjA5IDAtNjMuNTkgMjYuNDF0LTI2LjUgNjMuNXEwIDM3LjA5IDI2LjQxIDYzLjU5dDYzLjUgMjYuNVpNNDgxLTU0MXEtNjMgMC0xMDYuNS00My41VDMzMS02OTFxMC02MyA0My41LTEwNi41VDQ4MS04NDFxNjMgMCAxMDYuNSA0My41VDYzMS02OTFxMCA2My00My41IDEwNi41VDQ4MS01NDFabS0uMDktNjBxMzcuMDkgMCA2My41OS0yNi40MXQyNi41LTYzLjVxMC0zNy4wOS0yNi40MS02My41OXQtNjMuNS0yNi41cS0zNy4wOSAwLTYzLjU5IDI2LjQxdC0yNi41IDYzLjVxMCAzNy4wOSAyNi40MSA2My41OXQ2My41IDI2LjVabS4wOS05MFptMjUwIDQyMVptLTUwMSAwWiIvPjwvc3ZnPg==\" alt=\"\"\/><\/figure>\n\n\n\n<h3 class=\"wp-block-heading has-text-align-center\" style=\"margin-top:24px;font-size:clamp(14px, 0.875rem + ((1vw - 3.2px) * 0.625), 20px);line-height:1.5\">Krok drugi: Organizacja danych<\/h3>\n\n\n\n<p class=\"has-text-align-center has-small-font-size\" style=\"margin-top:8px\">Prezentuje sposoby porz\u0105dkowania zebranych informacji, aby u\u0142atwi\u0107 ich szybkie wyszukiwanie i przetwarzanie.<\/p>\n<\/div>\n\n\n\n<div class=\"wp-block-column is-layout-flow wp-block-column-is-layout-flow\">\n<figure class=\"wp-block-image aligncenter size-large wp-duotone-varpresetduotonesecondary-and-primary-3\"><img decoding=\"async\" src=\"data:image\/svg+xml;base64,PHN2ZyB4bWxucz0iaHR0cDovL3d3dy53My5vcmcvMjAwMC9zdmciIGhlaWdodD0iNDhweCIgdmlld0JveD0iMCAtOTYwIDk2MCA5NjAiIHdpZHRoPSI0OHB4IiBmaWxsPSIjMjcyNzI3Ij48cGF0aCBkPSJNNDgwLTgwcS04NSAwLTE1OC0zMC41VDE5NS0xOTVxLTU0LTU0LTg0LjUtMTI3VDgwLTQ4MHEwLTg0IDMwLjUtMTU3VDE5NS03NjRxNTQtNTQgMTI3LTg1dDE1OC0zMXE3NSAwIDE0MCAyNHQxMTcgNjZsLTQzIDQzcS00NC0zNS05OC01NHQtMTE2LTE5cS0xNDUgMC0yNDIuNSA5Ny41VDE0MC00ODBxMCAxNDUgOTcuNSAyNDIuNVQ0ODAtMTQwcTE0NSAwIDI0Mi41LTk3LjVUODIwLTQ4MHEwLTMwLTQuNS01OC41VDgwMi01OTRsNDYtNDZxMTYgMzcgMjQgNzd0OCA4M3EwIDg1LTMxIDE1OHQtODUgMTI3cS01NCA1NC0xMjcgODQuNVQ0ODAtODBabS01OS0yMThMMjU2LTQ2NGw0NS00NSAxMjAgMTIwIDQxNC00MTQgNDYgNDUtNDYwIDQ2MFoiLz48L3N2Zz4=\" alt=\"\"\/><\/figure>\n\n\n\n<h3 class=\"wp-block-heading has-text-align-center\" style=\"margin-top:24px;font-size:clamp(14px, 0.875rem + ((1vw - 3.2px) * 0.625), 20px);line-height:1.5\">Krok trzeci: Analiza i wykorzystanie<\/h3>\n\n\n\n<p class=\"has-text-align-center has-small-font-size\" style=\"margin-top:8px\">Wyja\u015bnia, jak interpretowa\u0107 dane i stosowa\u0107 je w praktycznych rozwi\u0105zaniach, by osi\u0105gn\u0105\u0107 najlepsze wyniki.<\/p>\n<\/div>\n<\/div>\n\n\n\n<div class=\"wp-block-buttons is-content-justification-center is-layout-flex wp-container-core-buttons-is-layout-a89b3969 wp-block-buttons-is-layout-flex\">\n<div class=\"wp-block-button is-style-fill\"><a class=\"wp-block-button__link wp-element-button\" href=\"#\">Poznaj szczeg\u00f3\u0142y<\/a><\/div>\n<\/div>\n<\/div>\n\n\n\n<div class=\"wp-block-group alignfull has-tertiary-background-color has-background has-global-padding is-layout-constrained wp-container-core-group-is-layout-7276a2bb wp-block-group-is-layout-constrained\" style=\"margin-top:0;margin-bottom:0;padding-top:var(--wp--preset--spacing--60);padding-right:var(--wp--preset--spacing--30);padding-bottom:var(--wp--preset--spacing--60);padding-left:var(--wp--preset--spacing--30)\">\n<div class=\"wp-block-group alignwide has-global-padding is-content-justification-center is-layout-constrained wp-block-group-is-layout-constrained\">\n<h2 class=\"wp-block-heading has-text-align-center has-large-font-size\">Odkryj nasz\u0105 bogat\u0105 kolekcj\u0119 materia\u0142\u00f3w.<\/h2>\n\n\n\n<p class=\"has-text-align-center\" style=\"margin-top:16px\">Ta sekcja przedstawia narz\u0119dzia i metody wspieraj\u0105ce efektywne zarz\u0105dzanie informacj\u0105.<\/p>\n<\/div>\n\n\n\n<div class=\"wp-block-columns alignwide is-layout-flex wp-container-core-columns-is-layout-87beb0d0 wp-block-columns-is-layout-flex\">\n<div class=\"wp-block-column is-layout-flow wp-block-column-is-layout-flow\">\n<div class=\"wp-block-group has-background-background-color has-background has-global-padding is-layout-constrained wp-container-core-group-is-layout-80fb368b wp-block-group-is-layout-constrained\" style=\"border-radius:4px;padding-top:var(--wp--preset--spacing--30);padding-right:var(--wp--preset--spacing--30);padding-bottom:var(--wp--preset--spacing--30);padding-left:var(--wp--preset--spacing--30)\">\n<figure class=\"wp-block-image aligncenter size-large ext-aspect-landscape wp-duotone-primary-foreground\"><img decoding=\"async\" src=\"data:image\/svg+xml;base64,PHN2ZyB4bWxucz0iaHR0cDovL3d3dy53My5vcmcvMjAwMC9zdmciIHdpZHRoPSI0OCIgaGVpZ2h0PSI0OCIgZmlsbD0ibm9uZSIgdmlld0JveD0iMCAwIDQ4IDQ4Ij48bWFzayBpZD0iYSIgd2lkdGg9IjQ4IiBoZWlnaHQ9IjQ4IiB4PSIwIiB5PSIwIiBtYXNrVW5pdHM9InVzZXJTcGFjZU9uVXNlIiBzdHlsZT0ibWFzay10eXBlOmFscGhhIj48cGF0aCBmaWxsPSIjRDlEOUQ5IiBkPSJNMCAwaDQ4djQ4SDB6Ii8+PC9tYXNrPjxnIG1hc2s9InVybCgjYSkiPjxwYXRoIGZpbGw9IiMxQzFCMUYiIGQ9Ik03IDQwYy0uNzY3IDAtMS40NTgtLjMwOC0yLjA3NS0uOTI1QzQuMzA4IDM4LjQ1OCA0IDM3Ljc2NyA0IDM3VjExYzAtLjc2Ny4zMDgtMS40NTguOTI1LTIuMDc1QzUuNTQyIDguMzA4IDYuMjMzIDggNyA4aDE0LjA1bDMgM0g0MWMuNzY3IDAgMS40NTguMzA4IDIuMDc1LjkyNS42MTcuNjE3LjkyNSAxLjMwOC45MjUgMi4wNzVIMjIuNzVsLTMtM0g3djI2bDUuMS0yMEg0N2wtNS4zNSAyMC43Yy0uMi44LS41NjcgMS4zODMtMS4xIDEuNzUtLjUzMy4zNjctMS4yMTcuNTUtMi4wNS41NUg3Wm0zLjE1LTNoMjguNmw0LjItMTdoLTI4LjZsLTQuMiAxN1oiLz48L2c+PC9zdmc+\" alt=\"\"\/><\/figure>\n\n\n\n<h3 class=\"wp-block-heading has-text-align-center\" style=\"margin-top:24px;font-size:clamp(0.984rem, 0.984rem + ((1vw - 0.2rem) * 0.86), 1.5rem);line-height:1.5\">Gromadzenie danych<\/h3>\n\n\n\n<p class=\"has-text-align-center has-small-font-size\" style=\"margin-top:8px\">Przedstawiamy kluczowe zasady skutecznego zbierania informacji.<\/p>\n\n\n\n<div class=\"wp-block-buttons is-content-justification-center is-layout-flex wp-container-core-buttons-is-layout-a89b3969 wp-block-buttons-is-layout-flex\">\n<div class=\"wp-block-button is-style-fill\"><a class=\"wp-block-button__link has-small-font-size has-custom-font-size wp-element-button\" href=\"#\">Poznaj szczeg\u00f3\u0142y<\/a><\/div>\n<\/div>\n<\/div>\n<\/div>\n\n\n\n<div class=\"wp-block-column is-layout-flow wp-block-column-is-layout-flow\">\n<div class=\"wp-block-group has-background-background-color has-background has-global-padding is-layout-constrained wp-container-core-group-is-layout-80fb368b wp-block-group-is-layout-constrained\" style=\"border-radius:4px;min-height:100%;padding-top:var(--wp--preset--spacing--30);padding-right:var(--wp--preset--spacing--30);padding-bottom:var(--wp--preset--spacing--30);padding-left:var(--wp--preset--spacing--30)\">\n<figure class=\"wp-block-image aligncenter size-large ext-aspect-landscape wp-duotone-primary-foreground\"><img decoding=\"async\" src=\"data:image\/svg+xml;base64,PHN2ZyB4bWxucz0iaHR0cDovL3d3dy53My5vcmcvMjAwMC9zdmciIHdpZHRoPSI0OCIgaGVpZ2h0PSI0OCIgZmlsbD0ibm9uZSIgdmlld0JveD0iMCAwIDQ4IDQ4Ij48bWFzayBpZD0iYSIgd2lkdGg9IjQ4IiBoZWlnaHQ9IjQ4IiB4PSIwIiB5PSIwIiBtYXNrVW5pdHM9InVzZXJTcGFjZU9uVXNlIiBzdHlsZT0ibWFzay10eXBlOmFscGhhIj48cGF0aCBmaWxsPSIjRDlEOUQ5IiBkPSJNMCAwaDQ4djQ4SDB6Ii8+PC9tYXNrPjxnIG1hc2s9InVybCgjYSkiPjxwYXRoIGZpbGw9IiMxQzFCMUYiIGQ9Ik03IDQwYy0uNzY3IDAtMS40NTgtLjMwOC0yLjA3NS0uOTI1QzQuMzA4IDM4LjQ1OCA0IDM3Ljc2NyA0IDM3VjExYzAtLjc2Ny4zMDgtMS40NTguOTI1LTIuMDc1QzUuNTQyIDguMzA4IDYuMjMzIDggNyA4aDE0LjA1bDMgM0g0MWMuNzY3IDAgMS40NTguMzA4IDIuMDc1LjkyNS42MTcuNjE3LjkyNSAxLjMwOC45MjUgMi4wNzVIMjIuNzVsLTMtM0g3djI2bDUuMS0yMEg0N2wtNS4zNSAyMC43Yy0uMi44LS41NjcgMS4zODMtMS4xIDEuNzUtLjUzMy4zNjctMS4yMTcuNTUtMi4wNS41NUg3Wm0zLjE1LTNoMjguNmw0LjItMTdoLTI4LjZsLTQuMiAxN1oiLz48L2c+PC9zdmc+\" alt=\"\"\/><\/figure>\n\n\n\n<h3 class=\"wp-block-heading has-text-align-center\" style=\"margin-top:24px;font-size:clamp(0.984rem, 0.984rem + ((1vw - 0.2rem) * 0.86), 1.5rem);line-height:1.5\">Organizacja informacji<\/h3>\n\n\n\n<p class=\"has-text-align-center has-small-font-size\" style=\"margin-top:8px\">Analizujemy nowoczesne techniki porz\u0105dkowania danych.<\/p>\n\n\n\n<div class=\"wp-block-buttons is-content-justification-center is-layout-flex wp-container-core-buttons-is-layout-a89b3969 wp-block-buttons-is-layout-flex\">\n<div class=\"wp-block-button is-style-fill\"><a class=\"wp-block-button__link has-small-font-size has-custom-font-size wp-element-button\" href=\"#\">Czytaj dalej<\/a><\/div>\n<\/div>\n<\/div>\n<\/div>\n<\/div>\n\n\n\n<div class=\"wp-block-columns alignwide is-layout-flex wp-container-core-columns-is-layout-e12f0bcd wp-block-columns-is-layout-flex\" style=\"margin-top:var(--wp--preset--spacing--30)\">\n<div class=\"wp-block-column is-layout-flow wp-block-column-is-layout-flow\">\n<div class=\"wp-block-group has-background-background-color has-background has-global-padding is-layout-constrained wp-container-core-group-is-layout-80fb368b wp-block-group-is-layout-constrained\" style=\"border-radius:4px;padding-top:var(--wp--preset--spacing--30);padding-right:var(--wp--preset--spacing--30);padding-bottom:var(--wp--preset--spacing--30);padding-left:var(--wp--preset--spacing--30)\">\n<figure class=\"wp-block-image aligncenter size-large ext-aspect-landscape wp-duotone-primary-foreground\"><img decoding=\"async\" src=\"data:image\/svg+xml;base64,PHN2ZyB4bWxucz0iaHR0cDovL3d3dy53My5vcmcvMjAwMC9zdmciIHdpZHRoPSI0OCIgaGVpZ2h0PSI0OCIgZmlsbD0ibm9uZSIgdmlld0JveD0iMCAwIDQ4IDQ4Ij48bWFzayBpZD0iYSIgd2lkdGg9IjQ4IiBoZWlnaHQ9IjQ4IiB4PSIwIiB5PSIwIiBtYXNrVW5pdHM9InVzZXJTcGFjZU9uVXNlIiBzdHlsZT0ibWFzay10eXBlOmFscGhhIj48cGF0aCBmaWxsPSIjRDlEOUQ5IiBkPSJNMCAwaDQ4djQ4SDB6Ii8+PC9tYXNrPjxnIG1hc2s9InVybCgjYSkiPjxwYXRoIGZpbGw9IiMxQzFCMUYiIGQ9Ik03IDQwYy0uNzY3IDAtMS40NTgtLjMwOC0yLjA3NS0uOTI1QzQuMzA4IDM4LjQ1OCA0IDM3Ljc2NyA0IDM3VjExYzAtLjc2Ny4zMDgtMS40NTguOTI1LTIuMDc1QzUuNTQyIDguMzA4IDYuMjMzIDggNyA4aDE0LjA1bDMgM0g0MWMuNzY3IDAgMS40NTguMzA4IDIuMDc1LjkyNS42MTcuNjE3LjkyNSAxLjMwOC45MjUgMi4wNzVIMjIuNzVsLTMtM0g3djI2bDUuMS0yMEg0N2wtNS4zNSAyMC43Yy0uMi44LS41NjcgMS4zODMtMS4xIDEuNzUtLjUzMy4zNjctMS4yMTcuNTUtMi4wNS41NUg3Wm0zLjE1LTNoMjguNmw0LjItMTdoLTI4LjZsLTQuMiAxN1oiLz48L2c+PC9zdmc+\" alt=\"\"\/><\/figure>\n\n\n\n<h3 class=\"wp-block-heading has-text-align-center\" style=\"margin-top:24px;font-size:clamp(0.984rem, 0.984rem + ((1vw - 0.2rem) * 0.86), 1.5rem);line-height:1.5\">Przetwarzanie danych<\/h3>\n\n\n\n<p class=\"has-text-align-center has-small-font-size\" style=\"margin-top:8px\">Odkryj podstawy efektywnego zarz\u0105dzania przep\u0142ywem informacji.<\/p>\n\n\n\n<div class=\"wp-block-buttons is-content-justification-center is-layout-flex wp-container-core-buttons-is-layout-a89b3969 wp-block-buttons-is-layout-flex\">\n<div class=\"wp-block-button is-style-fill\"><a class=\"wp-block-button__link has-small-font-size has-custom-font-size wp-element-button\" href=\"#\">Wi\u0119cej informacji<\/a><\/div>\n<\/div>\n<\/div>\n<\/div>\n\n\n\n<div class=\"wp-block-column is-layout-flow wp-block-column-is-layout-flow\">\n<div class=\"wp-block-group has-background-background-color has-background has-global-padding is-layout-constrained wp-container-core-group-is-layout-80fb368b wp-block-group-is-layout-constrained\" style=\"border-radius:4px;min-height:100%;padding-top:var(--wp--preset--spacing--30);padding-right:var(--wp--preset--spacing--30);padding-bottom:var(--wp--preset--spacing--30);padding-left:var(--wp--preset--spacing--30)\">\n<figure class=\"wp-block-image aligncenter size-large ext-aspect-landscape wp-duotone-primary-foreground\"><img decoding=\"async\" src=\"data:image\/svg+xml;base64,PHN2ZyB4bWxucz0iaHR0cDovL3d3dy53My5vcmcvMjAwMC9zdmciIHdpZHRoPSI0OCIgaGVpZ2h0PSI0OCIgZmlsbD0ibm9uZSIgdmlld0JveD0iMCAwIDQ4IDQ4Ij48bWFzayBpZD0iYSIgd2lkdGg9IjQ4IiBoZWlnaHQ9IjQ4IiB4PSIwIiB5PSIwIiBtYXNrVW5pdHM9InVzZXJTcGFjZU9uVXNlIiBzdHlsZT0ibWFzay10eXBlOmFscGhhIj48cGF0aCBmaWxsPSIjRDlEOUQ5IiBkPSJNMCAwaDQ4djQ4SDB6Ii8+PC9tYXNrPjxnIG1hc2s9InVybCgjYSkiPjxwYXRoIGZpbGw9IiMxQzFCMUYiIGQ9Ik03IDQwYy0uNzY3IDAtMS40NTgtLjMwOC0yLjA3NS0uOTI1QzQuMzA4IDM4LjQ1OCA0IDM3Ljc2NyA0IDM3VjExYzAtLjc2Ny4zMDgtMS40NTguOTI1LTIuMDc1QzUuNTQyIDguMzA4IDYuMjMzIDggNyA4aDE0LjA1bDMgM0g0MWMuNzY3IDAgMS40NTguMzA4IDIuMDc1LjkyNS42MTcuNjE3LjkyNSAxLjMwOC45MjUgMi4wNzVIMjIuNzVsLTMtM0g3djI2bDUuMS0yMEg0N2wtNS4zNSAyMC43Yy0uMi44LS41NjcgMS4zODMtMS4xIDEuNzUtLjUzMy4zNjctMS4yMTcuNTUtMi4wNS41NUg3Wm0zLjE1LTNoMjguNmw0LjItMTdoLTI4LjZsLTQuMiAxN1oiLz48L2c+PC9zdmc+\" alt=\"\"\/><\/figure>\n\n\n\n<h3 class=\"wp-block-heading has-text-align-center\" style=\"margin-top:24px;font-size:clamp(0.984rem, 0.984rem + ((1vw - 0.2rem) * 0.86), 1.5rem);line-height:1.5\">Narz\u0119dzia i systemy<\/h3>\n\n\n\n<p class=\"has-text-align-center has-small-font-size\" style=\"margin-top:8px\">Poznaj praktyczne rozwi\u0105zania wspieraj\u0105ce procesy zarz\u0105dzania danymi.<\/p>\n\n\n\n<div class=\"wp-block-buttons is-content-justification-center is-layout-flex wp-container-core-buttons-is-layout-a89b3969 wp-block-buttons-is-layout-flex\">\n<div class=\"wp-block-button is-style-fill\"><a class=\"wp-block-button__link has-small-font-size has-custom-font-size wp-element-button\" href=\"#\">Dowiedz si\u0119 wi\u0119cej<\/a><\/div>\n<\/div>\n<\/div>\n<\/div>\n<\/div>\n<\/div>\n\n\n\n<div class=\"wp-block-group alignfull has-tertiary-background-color has-background has-global-padding is-layout-constrained wp-container-core-group-is-layout-9b19db8b wp-block-group-is-layout-constrained\" style=\"margin-top:0;margin-bottom:0;padding-top:var(--wp--preset--spacing--60);padding-right:var(--wp--preset--spacing--30);padding-bottom:var(--wp--preset--spacing--60);padding-left:var(--wp--preset--spacing--30)\">\n<div class=\"wp-block-media-text alignwide has-media-on-the-right is-stacked-on-mobile is-vertically-aligned-center is-image-fill-element\" style=\"padding-right:0;padding-left:0;grid-template-columns:auto 40%\"><div class=\"wp-block-media-text__content\">\n<div class=\"wp-block-group has-global-padding is-content-justification-left is-layout-constrained wp-container-core-group-is-layout-cdff7eec wp-block-group-is-layout-constrained\" style=\"padding-top:var(--wp--preset--spacing--30);padding-right:0;padding-bottom:var(--wp--preset--spacing--30);padding-left:0\">\n<h2 class=\"wp-block-heading has-large-font-size\">Zacznij efektywnie zarz\u0105dza\u0107 informacj\u0105 ju\u017c teraz.<\/h2>\n\n\n\n<p style=\"margin-top:16px\">Odkryj najlepsze metody i narz\u0119dzia do organizacji danych i usprawnij swoje procesy.<\/p>\n\n\n\n<ul style=\"line-height:2\" class=\"wp-block-list has-small-font-size\">\n<li>Inteligentne gromadzenie danych<\/li>\n\n\n\n<li>Optymalizacja proces\u00f3w przetwarzania<\/li>\n\n\n\n<li>Nowoczesne systemy zarz\u0105dzania<\/li>\n\n\n\n<li>Integracja narz\u0119dzi analitycznych<\/li>\n\n\n\n<li>Automatyzacja organizacji informacji<\/li>\n<\/ul>\n\n\n\n<div class=\"wp-block-buttons is-layout-flex wp-container-core-buttons-is-layout-12dcd427 wp-block-buttons-is-layout-flex\" style=\"margin-top:var(--wp--preset--spacing--40)\">\n<div class=\"wp-block-button\"><a class=\"wp-block-button__link wp-element-button\" href=\"#\">Poznaj szczeg\u00f3\u0142y<\/a><\/div>\n<\/div>\n<\/div>\n<\/div><figure class=\"wp-block-media-text__media\"><img loading=\"lazy\" decoding=\"async\" width=\"1280\" height=\"912\" src=\"https:\/\/architekturainformacji.pl\/wp-content\/uploads\/2025\/08\/photo-1460925895917-afdab827c52f.jpg\" alt=\"\" class=\"wp-image-9 size-full\" style=\"object-position:50% 50%\" srcset=\"http:\/\/architekturainformacji.pl\/wp-content\/uploads\/2025\/08\/photo-1460925895917-afdab827c52f.jpg 1280w, http:\/\/architekturainformacji.pl\/wp-content\/uploads\/2025\/08\/photo-1460925895917-afdab827c52f-300x214.jpg 300w, http:\/\/architekturainformacji.pl\/wp-content\/uploads\/2025\/08\/photo-1460925895917-afdab827c52f-1024x730.jpg 1024w, http:\/\/architekturainformacji.pl\/wp-content\/uploads\/2025\/08\/photo-1460925895917-afdab827c52f-768x547.jpg 768w\" sizes=\"auto, (max-width: 1280px) 100vw, 1280px\" \/><\/figure><\/div>\n<\/div>\n","protected":false},"excerpt":{"rendered":"<p>Czy jeste\u015b gotowy, by zacz\u0105\u0107 wykorzystywa\u0107 pe\u0142ny potencja\u0142 informacji? Jak zarz\u0105dza\u0107 informacj\u0105? Ten przewodnik szczeg\u00f3\u0142owo przedstawia skuteczne i sprawdzone metody zbierania oraz organizacji danych, oferuj\u0105c czytelnikowi kompleksowy wgl\u0105d w procesy gromadzenia informacji. Pokazuje on, jak optymalnie i efektywnie wykorzysta\u0107 nowoczesne narz\u0119dzia oraz technologie zarz\u0105dzania informacj\u0105, kt\u00f3re s\u0105 dost\u0119pne na rynku, aby maksymalizowa\u0107 korzy\u015bci p\u0142yn\u0105ce z [&hellip;]<\/p>\n","protected":false},"author":1,"featured_media":0,"parent":0,"menu_order":0,"comment_status":"closed","ping_status":"closed","template":"no-title","meta":{"footnotes":""},"class_list":["post-8","page","type-page","status-publish","hentry"],"_links":{"self":[{"href":"http:\/\/architekturainformacji.pl\/index.php\/wp-json\/wp\/v2\/pages\/8","targetHints":{"allow":["GET"]}}],"collection":[{"href":"http:\/\/architekturainformacji.pl\/index.php\/wp-json\/wp\/v2\/pages"}],"about":[{"href":"http:\/\/architekturainformacji.pl\/index.php\/wp-json\/wp\/v2\/types\/page"}],"author":[{"embeddable":true,"href":"http:\/\/architekturainformacji.pl\/index.php\/wp-json\/wp\/v2\/users\/1"}],"replies":[{"embeddable":true,"href":"http:\/\/architekturainformacji.pl\/index.php\/wp-json\/wp\/v2\/comments?post=8"}],"version-history":[{"count":3,"href":"http:\/\/architekturainformacji.pl\/index.php\/wp-json\/wp\/v2\/pages\/8\/revisions"}],"predecessor-version":[{"id":22,"href":"http:\/\/architekturainformacji.pl\/index.php\/wp-json\/wp\/v2\/pages\/8\/revisions\/22"}],"wp:attachment":[{"href":"http:\/\/architekturainformacji.pl\/index.php\/wp-json\/wp\/v2\/media?parent=8"}],"curies":[{"name":"wp","href":"https:\/\/api.w.org\/{rel}","templated":true}]}}